{"id":597,"date":"2022-12-22T18:48:34","date_gmt":"2022-12-22T18:48:34","guid":{"rendered":"https:\/\/imekad-consulting.com\/?page_id=597"},"modified":"2023-01-10T12:06:35","modified_gmt":"2023-01-10T12:06:35","slug":"a-propos-de-nous","status":"publish","type":"page","link":"https:\/\/imekad-consulting.com\/en\/a-propos-de-nous","title":{"rendered":"About us"},"content":{"rendered":"<div data-elementor-type=\"wp-page\" data-elementor-id=\"597\" class=\"elementor elementor-597\">\n\t\t\t\t\t\t<section class=\"elementor-section elementor-top-section elementor-element elementor-element-06a2b76 elementor-section-height-min-height elementor-section-boxed elementor-section-height-default elementor-section-items-middle\" data-id=\"06a2b76\" data-element_type=\"section\" data-e-type=\"section\" data-settings=\"{&quot;background_background&quot;:&quot;classic&quot;}\">\n\t\t\t\t\t\t<div class=\"elementor-container elementor-column-gap-default\">\n\t\t\t\t\t<div class=\"elementor-column elementor-col-100 elementor-top-column elementor-element elementor-element-d80c4f4\" data-id=\"d80c4f4\" data-element_type=\"column\" data-e-type=\"column\">\n\t\t\t<div class=\"elementor-widget-wrap\">\n\t\t\t\t\t\t\t<\/div>\n\t\t<\/div>\n\t\t\t\t\t<\/div>\n\t\t<\/section>\n\t\t\t\t<section class=\"elementor-section elementor-top-section elementor-element elementor-element-5bf9a1d elementor-section-boxed elementor-section-height-default elementor-section-height-default\" data-id=\"5bf9a1d\" data-element_type=\"section\" data-e-type=\"section\">\n\t\t\t\t\t\t<div class=\"elementor-container elementor-column-gap-default\">\n\t\t\t\t\t<div class=\"elementor-column elementor-col-50 elementor-top-column elementor-element elementor-element-d9ea983\" data-id=\"d9ea983\" data-element_type=\"column\" data-e-type=\"column\" data-settings=\"{&quot;background_background&quot;:&quot;classic&quot;}\">\n\t\t\t<div class=\"elementor-widget-wrap elementor-element-populated\">\n\t\t\t\t\t\t<div class=\"elementor-element elementor-element-9133713 elementor-widget elementor-widget-heading\" data-id=\"9133713\" data-element_type=\"widget\" data-e-type=\"widget\" data-widget_type=\"heading.default\">\n\t\t\t\t<div class=\"elementor-widget-container\">\n\t\t\t\t\t<h2 class=\"elementor-heading-title elementor-size-default\">\u00c0 propos de nous<\/h2>\t\t\t\t<\/div>\n\t\t\t\t<\/div>\n\t\t\t\t<div class=\"elementor-element elementor-element-57fdd97 elementor-widget elementor-widget-text-editor\" data-id=\"57fdd97\" data-element_type=\"widget\" data-e-type=\"widget\" data-widget_type=\"text-editor.default\">\n\t\t\t\t<div class=\"elementor-widget-container\">\n\t\t\t\t\t\t\t\t\t<p>Le cabinet de conseil <strong>Imekad Consulting<\/strong>\u00a0was created in 2019 by\u00a0<strong>Souhila KADRI.<\/strong><\/p><p>Gr\u00e2ce \u00e0 son expertise et son exp\u00e9rience en droit des \u00e9trangers, <strong>Imekad consulting<\/strong> est en mesure de conseiller et de g\u00e9rer tout dossier relatif \u00e0 la prise en charge des formalit\u00e9s d\u2019immigration professionnelle.<\/p><p>L\u2019activit\u00e9 se traduit par la simplification et s\u00e9curisation des aspects juridiques et administratifs afin que le salari\u00e9 \u2013 de nationalit\u00e9 \u00e9trang\u00e8re &#8211; que vous souhaitez recruter soit en r\u00e8gle et puisse rejoindre son poste en toute conformit\u00e9.<\/p><p>Nous coordonnons l\u2019ensemble des \u00e9tapes cl\u00e9s en immigration et restons le point de contact unique entre l\u2019employeur, le collaborateur et les administrations jusqu\u2019\u00e0 l\u2019obtention du titre souhait\u00e9\u00a0; permettant ainsi \u00e0 vos salari\u00e9s de se recentrer sur leurs missions et objectifs.<\/p><p>Nous anticipons et \u00e9vitons les risques li\u00e9s \u00e0 l\u2019embauche du collaborateur tout en prenant soin de nous adapter au mieux aux exigences du business et d\u00e9lais impartis.<\/p><p>Nous sommes \u00e0 l\u2019\u00e9coute et identifions la meilleure strat\u00e9gie \u00e0 adopter aux besoins de l\u2019employeur pour des solutions sur-mesure, m\u00eame pour les situations complexes.<\/p><p>Our services are mainly intended for:<\/p><ul><li>Entreprises fran\u00e7aises<\/li><li>Cabinets de recrutement<\/li><li>\u00c9coles de commerce et d\u2019ing\u00e9nieurs \u00e0 l\u2019\u00e9tranger, dans le but de proposer des postes et stages en France \u00e0 leurs \u00e9tudiants.<\/li><\/ul>\t\t\t\t\t\t\t\t<\/div>\n\t\t\t\t<\/div>\n\t\t\t\t\t<\/div>\n\t\t<\/div>\n\t\t\t\t<div class=\"elementor-column elementor-col-50 elementor-top-column elementor-element elementor-element-5532fc9\" data-id=\"5532fc9\" data-element_type=\"column\" data-e-type=\"column\">\n\t\t\t<div class=\"elementor-widget-wrap elementor-element-populated\">\n\t\t\t\t\t\t<div class=\"elementor-element elementor-element-6f9271b elementor-widget elementor-widget-image\" data-id=\"6f9271b\" data-element_type=\"widget\" data-e-type=\"widget\" data-widget_type=\"image.default\">\n\t\t\t\t<div class=\"elementor-widget-container\">\n\t\t\t\t\t\t\t\t\t\t\t\t\t\t\t<img fetchpriority=\"high\" decoding=\"async\" width=\"554\" height=\"800\" src=\"https:\/\/imekad-consulting.com\/wp-content\/uploads\/2022\/12\/imekad-consulting-background-02.webp\" class=\"attachment-large size-large wp-image-634\" alt=\"imekad consulting background -02\" srcset=\"https:\/\/imekad-consulting.com\/wp-content\/uploads\/2022\/12\/imekad-consulting-background-02.webp 554w, https:\/\/imekad-consulting.com\/wp-content\/uploads\/2022\/12\/imekad-consulting-background-02-208x300.webp 208w\" sizes=\"(max-width: 554px) 100vw, 554px\" \/>\t\t\t\t\t\t\t\t\t\t\t\t\t\t\t<\/div>\n\t\t\t\t<\/div>\n\t\t\t\t\t<\/div>\n\t\t<\/div>\n\t\t\t\t\t<\/div>\n\t\t<\/section>\n\t\t\t\t<section class=\"elementor-section elementor-top-section elementor-element elementor-element-2b8d32c elementor-section-boxed elementor-section-height-default elementor-section-height-default\" data-id=\"2b8d32c\" data-element_type=\"section\" data-e-type=\"section\">\n\t\t\t\t\t\t<div class=\"elementor-container elementor-column-gap-default\">\n\t\t\t\t\t<div class=\"elementor-column elementor-col-100 elementor-top-column elementor-element elementor-element-8693a60\" data-id=\"8693a60\" data-element_type=\"column\" data-e-type=\"column\">\n\t\t\t<div class=\"elementor-widget-wrap elementor-element-populated\">\n\t\t\t\t\t\t<div class=\"elementor-element elementor-element-1c613f6 elementor-align-left elementor-widget__width-initial elementor-fixed animated-fast elementor-invisible elementor-widget elementor-widget-button\" data-id=\"1c613f6\" data-element_type=\"widget\" data-e-type=\"widget\" data-settings=\"{&quot;_position&quot;:&quot;fixed&quot;,&quot;_animation&quot;:&quot;slideInRight&quot;}\" data-widget_type=\"button.default\">\n\t\t\t\t<div class=\"elementor-widget-container\">\n\t\t\t\t\t\t\t\t\t<div class=\"elementor-button-wrapper\">\n\t\t\t\t\t<a class=\"elementor-button elementor-button-link elementor-size-lg elementor-animation-grow-rotate\" href=\"https:\/\/imekad-consulting.com\/en\/prendre-un-rendez-vous\/\">\n\t\t\t\t\t\t<span class=\"elementor-button-content-wrapper\">\n\t\t\t\t\t\t<span class=\"elementor-button-icon\">\n\t\t\t\t<i aria-hidden=\"true\" class=\"far fa-calendar-alt\"><\/i>\t\t\t<\/span>\n\t\t\t\t\t\t\t\t\t<span class=\"elementor-button-text\">Prendre  un RDV<\/span>\n\t\t\t\t\t<\/span>\n\t\t\t\t\t<\/a>\n\t\t\t\t<\/div>\n\t\t\t\t\t\t\t\t<\/div>\n\t\t\t\t<\/div>\n\t\t\t\t\t<\/div>\n\t\t<\/div>\n\t\t\t\t\t<\/div>\n\t\t<\/section>\n\t\t\t\t<\/div>","protected":false},"excerpt":{"rendered":"<p>\u00c0 propos de nous Le cabinet de conseil Imekad Consulting\u00a0a \u00e9t\u00e9 cr\u00e9\u00e9 en 2019 par\u00a0Souhila KADRI. Gr\u00e2ce \u00e0 son expertise et son exp\u00e9rience en droit des \u00e9trangers, Imekad consulting est en mesure de conseiller et de g\u00e9rer tout dossier relatif \u00e0 la prise en charge des formalit\u00e9s d\u2019immigration professionnelle. L\u2019activit\u00e9 se traduit par la simplification&hellip;&nbsp;<a href=\"https:\/\/imekad-consulting.com\/en\/a-propos-de-nous\" rel=\"bookmark\">Read More &raquo;<span class=\"screen-reader-text\">About us<\/span><\/a><\/p>","protected":false},"author":1,"featured_media":0,"parent":0,"menu_order":0,"comment_status":"closed","ping_status":"closed","template":"page-templates\/template-pagebuilder-full-width.php","meta":{"neve_meta_sidebar":"","neve_meta_container":"","neve_meta_enable_content_width":"","neve_meta_content_width":0,"neve_meta_title_alignment":"","neve_meta_author_avatar":"","neve_post_elements_order":"","neve_meta_disable_header":"","neve_meta_disable_footer":"","neve_meta_disable_title":"","footnotes":""},"class_list":["post-597","page","type-page","status-publish","hentry"],"_links":{"self":[{"href":"https:\/\/imekad-consulting.com\/en\/wp-json\/wp\/v2\/pages\/597","targetHints":{"allow":["GET"]}}],"collection":[{"href":"https:\/\/imekad-consulting.com\/en\/wp-json\/wp\/v2\/pages"}],"about":[{"href":"https:\/\/imekad-consulting.com\/en\/wp-json\/wp\/v2\/types\/page"}],"author":[{"embeddable":true,"href":"https:\/\/imekad-consulting.com\/en\/wp-json\/wp\/v2\/users\/1"}],"replies":[{"embeddable":true,"href":"https:\/\/imekad-consulting.com\/en\/wp-json\/wp\/v2\/comments?post=597"}],"version-history":[{"count":106,"href":"https:\/\/imekad-consulting.com\/en\/wp-json\/wp\/v2\/pages\/597\/revisions"}],"predecessor-version":[{"id":1798,"href":"https:\/\/imekad-consulting.com\/en\/wp-json\/wp\/v2\/pages\/597\/revisions\/1798"}],"wp:attachment":[{"href":"https:\/\/imekad-consulting.com\/en\/wp-json\/wp\/v2\/media?parent=597"}],"curies":[{"name":"wp","href":"https:\/\/api.w.org\/{rel}","templated":true}]}}